{"id":1583,"date":"2025-11-12T16:29:04","date_gmt":"2025-11-13T00:29:04","guid":{"rendered":"https:\/\/lateralfulfillment.com\/?page_id=1583"},"modified":"2025-11-13T06:53:36","modified_gmt":"2025-11-13T14:53:36","slug":"request-free-fulfillment-quote","status":"publish","type":"page","link":"https:\/\/lateralfulfillment.com\/es\/request-free-fulfillment-quote\/","title":{"rendered":"Request Free Fulfillment Quote"},"content":{"rendered":"<div data-elementor-type=\"wp-page\" data-elementor-id=\"1583\" class=\"elementor elementor-1583\" data-elementor-post-type=\"page\">\n\t\t\t\t<div class=\"elementor-element elementor-element-b4dccad e-flex e-con-boxed e-con e-parent\" data-id=\"b4dccad\" data-element_type=\"container\" data-e-type=\"container\" data-settings='{\"background_background\":\"classic\"}'>\n\t\t\t\t\t<div class=\"e-con-inner\">\n\t\t<div class=\"elementor-element elementor-element-16b6f95 e-con-full e-flex e-con e-child\" data-id=\"16b6f95\" data-element_type=\"container\" data-e-type=\"container\" data-settings='{\"background_background\":\"classic\"}'>\n\t\t<div class=\"elementor-element elementor-element-adf1761 e-con-full e-flex e-con e-child\" data-id=\"adf1761\" data-element_type=\"container\" data-e-type=\"container\" data-settings='{\"background_background\":\"classic\"}'>\n\t\t<div class=\"elementor-element elementor-element-b0a7f01 e-flex e-con-boxed e-con e-child\" data-id=\"b0a7f01\" data-element_type=\"container\" data-e-type=\"container\">\n\t\t\t\t\t<div class=\"e-con-inner\">\n\t\t\t\t<div class=\"elementor-element elementor-element-43b7655 elementor-invisible elementor-widget elementor-widget-heading\" data-id=\"43b7655\" data-element_type=\"widget\" data-e-type=\"widget\" data-settings='{\"_animation\":\"fadeInDown\"}' data-widget_type=\"heading.default\">\n\t\t\t\t\t<h2 class=\"elementor-heading-title elementor-size-default\">The next generation in cross&#8209;border fulfillment &amp; 3pl<\/h2>\t\t\t\t<\/div>\n\t\t\t\t\t<\/div>\n\t\t\t\t<\/div>\n\t\t<div class=\"elementor-element elementor-element-c43ba34 e-con-full e-flex e-con e-child\" data-id=\"c43ba34\" data-element_type=\"container\" data-e-type=\"container\">\n\t\t\t\t<div class=\"elementor-element elementor-element-5e9af4d elementor-widget elementor-widget-text-editor\" data-id=\"5e9af4d\" data-element_type=\"widget\" data-e-type=\"widget\" data-widget_type=\"text-editor.default\">\n\t\t\t\t\t\t\t\t\t<p>Desde el d\u00eda uno, accedes a tecnolog\u00eda integrada, log\u00edstica fiscal optimizada, mano de obra costo-eficiente y menores costos de almacenaje \u2014 para operar m\u00e1s r\u00e1pido, con mayor eficiencia y escalar con confianza.<\/p>\t\t\t\t\t\t\t\t<\/div>\n\t\t\t\t<\/div>\n\t\t\t\t<\/div>\n\t\t\t\t<\/div>\n\t\t<div class=\"elementor-element elementor-element-266a7ad e-con-full e-flex e-con e-child\" data-id=\"266a7ad\" data-element_type=\"container\" data-e-type=\"container\">\n\t\t\t\t<div class=\"elementor-element elementor-element-e70c647 elementor-widget elementor-widget-hubspot-form\" data-id=\"e70c647\" data-element_type=\"widget\" data-e-type=\"widget\" data-widget_type=\"hubspot-form.default\">\n\t\t\t\t<div class=\"elementor-widget-container\">\n\t\t\t\t\t\n\t\t\t\t\t\t<script>\n\t\t\t\t\t\t\twindow.hsFormsOnReady = window.hsFormsOnReady || [];\n\t\t\t\t\t\t\twindow.hsFormsOnReady.push(()=>{\n\t\t\t\t\t\t\t\thbspt.forms.create({\n\t\t\t\t\t\t\t\t\tportalId: 46246473,\n\t\t\t\t\t\t\t\t\tformId: \"3f762611-3ccd-40be-a3d0-35b3bd66f7c1\",\n\t\t\t\t\t\t\t\t\ttarget: \"#hbspt-form-1775402826000-8757082927\",\n\t\t\t\t\t\t\t\t\tregion: \"na1\",\n\t\t\t\t\t\t\t\t\t\n\t\t\t\t\t\t\t})});\n\t\t\t\t\t\t<\/script>\n\t\t\t\t\t\t<div class=\"hbspt-form\" id=\"hbspt-form-1775402826000-8757082927\"><\/div>\t\t\t\t<\/div>\n\t\t\t\t<\/div>\n\t\t\t\t<\/div>\n\t\t\t\t\t<\/div>\n\t\t\t\t<\/div>\n\t\t<div class=\"elementor-element elementor-element-76040a7 e-flex e-con-boxed e-con e-parent\" data-id=\"76040a7\" data-element_type=\"container\" data-e-type=\"container\" data-settings='{\"background_background\":\"classic\"}'>\n\t\t\t\t\t<div class=\"e-con-inner\">\n\t\t\t\t<div class=\"elementor-element elementor-element-c4203df elementor-widget elementor-widget-button\" data-id=\"c4203df\" data-element_type=\"widget\" data-e-type=\"widget\" data-widget_type=\"button.default\">\n\t\t\t\t\t\t\t\t\t\t<a class=\"elementor-button elementor-size-sm\" role=\"button\">\n\t\t\t\t\t\t<span class=\"elementor-button-content-wrapper\">\n\t\t\t\t\t\t\t\t\t<span class=\"elementor-button-text\">Nuestros Pilares<\/span>\n\t\t\t\t\t<\/span>\n\t\t\t\t\t<\/a>\n\t\t\t\t\t\t\t\t<\/div>\n\t\t<div class=\"elementor-element elementor-element-00f743a e-con-full e-flex e-con e-child\" data-id=\"00f743a\" data-element_type=\"container\" data-e-type=\"container\">\n\t\t<div class=\"elementor-element elementor-element-9d5c921 e-con-full e-flex e-con e-child\" data-id=\"9d5c921\" data-element_type=\"container\" data-e-type=\"container\">\n\t\t\t\t<div class=\"elementor-element elementor-element-f9a993b elementor-widget elementor-widget-image\" data-id=\"f9a993b\" data-element_type=\"widget\" data-e-type=\"widget\" data-widget_type=\"image.default\">\n\t\t\t\t\t\t\t\t\t\t\t\t\t\t\t<img decoding=\"async\" src=\"https:\/\/lateralfulfillment.com\/wp-content\/uploads\/elementor\/thumbs\/lateral-fulfillment-our-pillar-integrated-rdw3e3k9rw6bpoywpme0cr6jzmk5kn8kd4vyrv9k3i.webp\" title=\"lateral-fulfillment-our-pillar-integrated\" alt=\"lateral-fulfillment-our-pillar-integrated\" loading=\"lazy\"\/>\t\t\t\t\t\t\t\t\t\t\t\t\t\t\t<\/div>\n\t\t\t\t<\/div>\n\t\t<div class=\"elementor-element elementor-element-96d78ad e-con-full e-flex e-con e-child\" data-id=\"96d78ad\" data-element_type=\"container\" data-e-type=\"container\">\n\t\t\t\t<div class=\"elementor-element elementor-element-70369cd elementor-widget elementor-widget-image\" data-id=\"70369cd\" data-element_type=\"widget\" data-e-type=\"widget\" data-widget_type=\"image.default\">\n\t\t\t\t\t\t\t\t\t\t\t\t\t\t\t<img decoding=\"async\" src=\"https:\/\/lateralfulfillment.com\/wp-content\/uploads\/elementor\/thumbs\/lateral-fulfillment-our-pillar-duty-rdw3e3k86vrp7uwmlxjop39p532hz0mo3c2few4ms6.webp\" title=\"lateral-fulfillment-our-pillar-duty\" alt=\"lateral-fulfillment-our-pillar-duty\" loading=\"lazy\"\/>\t\t\t\t\t\t\t\t\t\t\t\t\t\t\t<\/div>\n\t\t\t\t<\/div>\n\t\t\t\t<\/div>\n\t\t<div class=\"elementor-element elementor-element-c809529 e-con-full e-flex e-con e-child\" data-id=\"c809529\" data-element_type=\"container\" data-e-type=\"container\">\n\t\t<div class=\"elementor-element elementor-element-3c6e3ae e-con-full e-flex e-con e-child\" data-id=\"3c6e3ae\" data-element_type=\"container\" data-e-type=\"container\">\n\t\t\t\t<div class=\"elementor-element elementor-element-8f28dde elementor-widget elementor-widget-image\" data-id=\"8f28dde\" data-element_type=\"widget\" data-e-type=\"widget\" data-widget_type=\"image.default\">\n\t\t\t\t\t\t\t\t\t\t\t\t\t\t\t<img decoding=\"async\" src=\"https:\/\/lateralfulfillment.com\/wp-content\/uploads\/elementor\/thumbs\/lateral-fulfillment-our-pillar-lower-rdw3e3k9eqjkd9q2orqea2a1sktxcvv7dn5rjc2vsa.webp\" title=\"lateral-fulfillment-our-pillar-lower\" alt=\"lateral-fulfillment-our-pillar-lower\" loading=\"lazy\"\/>\t\t\t\t\t\t\t\t\t\t\t\t\t\t\t<\/div>\n\t\t\t\t<\/div>\n\t\t<div class=\"elementor-element elementor-element-e67a062 e-con-full e-flex e-con e-child\" data-id=\"e67a062\" data-element_type=\"container\" data-e-type=\"container\">\n\t\t\t\t<div class=\"elementor-element elementor-element-8a021a9 elementor-widget elementor-widget-image\" data-id=\"8a021a9\" data-element_type=\"widget\" data-e-type=\"widget\" data-widget_type=\"image.default\">\n\t\t\t\t\t\t\t\t\t\t\t\t\t\t\t<img decoding=\"async\" src=\"https:\/\/lateralfulfillment.com\/wp-content\/uploads\/elementor\/thumbs\/lateral-fulfillment-our-pillar-skilled-rdw3e3k8ofa1of8en2f64oh1ehdgxd4henpd29pj64.webp\" title=\"lateral-fulfillment-our-pillar-skilled\" alt=\"lateral-fulfillment-our-pillar-skilled\" loading=\"lazy\"\/>\t\t\t\t\t\t\t\t\t\t\t\t\t\t\t<\/div>\n\t\t\t\t<\/div>\n\t\t\t\t<\/div>\n\t\t\t\t\t<\/div>\n\t\t\t\t<\/div>\n\t\t<div class=\"elementor-element elementor-element-99b2f0d e-con-full e-flex e-con e-parent\" data-id=\"99b2f0d\" data-element_type=\"container\" data-e-type=\"container\" data-settings='{\"background_background\":\"classic\"}'>\n\t\t<div class=\"elementor-element elementor-element-ee077c5 e-con-full e-flex e-con e-child\" data-id=\"ee077c5\" data-element_type=\"container\" data-e-type=\"container\">\n\t\t\t\t<div class=\"elementor-element elementor-element-62a43f5 elementor-widget-divider--view-line elementor-widget elementor-widget-divider\" data-id=\"62a43f5\" data-element_type=\"widget\" data-e-type=\"widget\" data-widget_type=\"divider.default\">\n\t\t\t\t\t\t\t<div class=\"elementor-divider\">\n\t\t\t<span class=\"elementor-divider-separator\">\n\t\t\t\t\t\t<\/span>\n\t\t<\/div>\n\t\t\t\t\t\t<\/div>\n\t\t\t\t<\/div>\n\t\t<div class=\"elementor-element elementor-element-65e6da2 e-con-full e-flex e-con e-child\" data-id=\"65e6da2\" data-element_type=\"container\" data-e-type=\"container\">\n\t\t<div class=\"elementor-element elementor-element-119e728 e-con-full e-flex e-con e-child\" data-id=\"119e728\" data-element_type=\"container\" data-e-type=\"container\">\n\t\t\t\t<div class=\"elementor-element elementor-element-bedd400 elementor-widget elementor-widget-heading\" data-id=\"bedd400\" data-element_type=\"widget\" data-e-type=\"widget\" data-widget_type=\"heading.default\">\n\t\t\t\t\t<h2 class=\"elementor-heading-title elementor-size-default\">1-3 d\u00edas<\/h2>\t\t\t\t<\/div>\n\t\t\t\t<div class=\"elementor-element elementor-element-23e547b elementor-widget elementor-widget-heading\" data-id=\"23e547b\" data-element_type=\"widget\" data-e-type=\"widget\" data-widget_type=\"heading.default\">\n\t\t\t\t\t<h2 class=\"elementor-heading-title elementor-size-default\">Entrega en EE. UU.<\/h2>\t\t\t\t<\/div>\n\t\t\t\t<\/div>\n\t\t<div class=\"elementor-element elementor-element-f2d737b e-con-full e-flex e-con e-child\" data-id=\"f2d737b\" data-element_type=\"container\" data-e-type=\"container\">\n\t\t\t\t<div class=\"elementor-element elementor-element-afa6d8c elementor-widget elementor-widget-counter\" data-id=\"afa6d8c\" data-element_type=\"widget\" data-e-type=\"widget\" data-widget_type=\"counter.default\">\n\t\t\t\t\t\t\t<div class=\"elementor-counter\">\n\t\t\t\t\t\t<div class=\"elementor-counter-number-wrapper\">\n\t\t\t\t<span class=\"elementor-counter-number-prefix\"><\/span>\n\t\t\t\t<span class=\"elementor-counter-number\" data-duration=\"2000\" data-to-value=\"30\" data-from-value=\"0\" data-delimiter=\",\">0<\/span>\n\t\t\t\t<span class=\"elementor-counter-number-suffix\">%<\/span>\n\t\t\t<\/div>\n\t\t<\/div>\n\t\t\t\t\t\t<\/div>\n\t\t\t\t<div class=\"elementor-element elementor-element-863f63e elementor-widget elementor-widget-heading\" data-id=\"863f63e\" data-element_type=\"widget\" data-e-type=\"widget\" data-widget_type=\"heading.default\">\n\t\t\t\t\t<h2 class=\"elementor-heading-title elementor-size-default\">Ahorro de costos<\/h2>\t\t\t\t<\/div>\n\t\t\t\t<\/div>\n\t\t<div class=\"elementor-element elementor-element-eb91cf1 e-con-full e-flex e-con e-child\" data-id=\"eb91cf1\" data-element_type=\"container\" data-e-type=\"container\">\n\t\t\t\t<div class=\"elementor-element elementor-element-484417c elementor-widget elementor-widget-counter\" data-id=\"484417c\" data-element_type=\"widget\" data-e-type=\"widget\" data-widget_type=\"counter.default\">\n\t\t\t\t\t\t\t<div class=\"elementor-counter\">\n\t\t\t\t\t\t<div class=\"elementor-counter-number-wrapper\">\n\t\t\t\t<span class=\"elementor-counter-number-prefix\"><\/span>\n\t\t\t\t<span class=\"elementor-counter-number\" data-duration=\"2000\" data-to-value=\"99.9\" data-from-value=\"0\" data-delimiter=\",\">0<\/span>\n\t\t\t\t<span class=\"elementor-counter-number-suffix\">%<\/span>\n\t\t\t<\/div>\n\t\t<\/div>\n\t\t\t\t\t\t<\/div>\n\t\t\t\t<div class=\"elementor-element elementor-element-678449a elementor-widget elementor-widget-heading\" data-id=\"678449a\" data-element_type=\"widget\" data-e-type=\"widget\" data-widget_type=\"heading.default\">\n\t\t\t\t\t<h2 class=\"elementor-heading-title elementor-size-default\">Precisi\u00f3n en pedidos<\/h2>\t\t\t\t<\/div>\n\t\t\t\t<\/div>\n\t\t\t\t<\/div>\n\t\t<div class=\"elementor-element elementor-element-12c43f3 e-con-full e-flex e-con e-child\" data-id=\"12c43f3\" data-element_type=\"container\" data-e-type=\"container\">\n\t\t\t\t<div class=\"elementor-element elementor-element-ac75191 elementor-widget-divider--view-line elementor-widget elementor-widget-divider\" data-id=\"ac75191\" data-element_type=\"widget\" data-e-type=\"widget\" data-widget_type=\"divider.default\">\n\t\t\t\t\t\t\t<div class=\"elementor-divider\">\n\t\t\t<span class=\"elementor-divider-separator\">\n\t\t\t\t\t\t<\/span>\n\t\t<\/div>\n\t\t\t\t\t\t<\/div>\n\t\t\t\t<\/div>\n\t\t\t\t<\/div>\n\t\t\t\t<\/div>","protected":false},"excerpt":{"rendered":"<p>The next generation in cross&#8209;border fulfillment &amp; 3pl From day one, you access integrated technology, tax&#8209;optimized logistics, cost&#8209;efficient labor, and reduced warehousing costs &mdash; so you can move faster, operate leaner, and scale with confidence. Our Pillars 1-3 days U.S. Delivery 0 % Cost Savings 0 % Order Accuracy<\/p>","protected":false},"author":3,"featured_media":0,"parent":0,"menu_order":0,"comment_status":"closed","ping_status":"closed","template":"","meta":{"content-type":"","footnotes":""},"class_list":["post-1583","page","type-page","status-publish","hentry"],"yoast_head":"<!-- This site is optimized with the Yoast SEO plugin v27.2 - https:\/\/yoast.com\/product\/yoast-seo-wordpress\/ -->\n<title>Request Free Fulfillment Quote - Lateral Fulfillment<\/title>\n<meta name=\"robots\" content=\"index, follow, max-snippet:-1, max-image-preview:large, max-video-preview:-1\" \/>\n<link rel=\"canonical\" href=\"https:\/\/lateralfulfillment.com\/es\/request-free-fulfillment-quote\/\" \/>\n<meta property=\"og:locale\" content=\"es_MX\" \/>\n<meta property=\"og:type\" content=\"article\" \/>\n<meta property=\"og:title\" content=\"Request Free Fulfillment Quote - Lateral Fulfillment\" \/>\n<meta property=\"og:description\" content=\"The next generation in cross&#8209;border fulfillment &amp; 3pl From day one, you access integrated technology, tax&#8209;optimized logistics, cost&#8209;efficient labor, and reduced warehousing costs &mdash; so you can move faster, operate leaner, and scale with confidence. Our Pillars 1-3 days U.S. Delivery 0 % Cost Savings 0 % Order Accuracy\" \/>\n<meta property=\"og:url\" content=\"https:\/\/lateralfulfillment.com\/es\/request-free-fulfillment-quote\/\" \/>\n<meta property=\"og:site_name\" content=\"Lateral Fulfillment\" \/>\n<meta property=\"article:modified_time\" content=\"2025-11-13T14:53:36+00:00\" \/>\n<meta property=\"og:image\" content=\"https:\/\/lateralfulfillment.com\/wp-content\/uploads\/elementor\/thumbs\/lateral-fulfillment-our-pillar-integrated-rdw3e3k9rw6bpoywpme0cr6jzmk5kn8kd4vyrv9k3i.webp\" \/>\n<meta name=\"twitter:card\" content=\"summary_large_image\" \/>\n<script type=\"application\/ld+json\" class=\"yoast-schema-graph\">{\"@context\":\"https:\/\/schema.org\",\"@graph\":[{\"@type\":\"WebPage\",\"@id\":\"https:\/\/lateralfulfillment.com\/request-free-fulfillment-quote\/\",\"url\":\"https:\/\/lateralfulfillment.com\/request-free-fulfillment-quote\/\",\"name\":\"Request Free Fulfillment Quote - Lateral Fulfillment\",\"isPartOf\":{\"@id\":\"https:\/\/lateralfulfillment.com\/#website\"},\"primaryImageOfPage\":{\"@id\":\"https:\/\/lateralfulfillment.com\/request-free-fulfillment-quote\/#primaryimage\"},\"image\":{\"@id\":\"https:\/\/lateralfulfillment.com\/request-free-fulfillment-quote\/#primaryimage\"},\"thumbnailUrl\":\"https:\/\/lateralfulfillment.com\/wp-content\/uploads\/elementor\/thumbs\/lateral-fulfillment-our-pillar-integrated-rdw3e3k9rw6bpoywpme0cr6jzmk5kn8kd4vyrv9k3i.webp\",\"datePublished\":\"2025-11-13T00:29:04+00:00\",\"dateModified\":\"2025-11-13T14:53:36+00:00\",\"breadcrumb\":{\"@id\":\"https:\/\/lateralfulfillment.com\/request-free-fulfillment-quote\/#breadcrumb\"},\"inLanguage\":\"es\",\"potentialAction\":[{\"@type\":\"ReadAction\",\"target\":[\"https:\/\/lateralfulfillment.com\/request-free-fulfillment-quote\/\"]}]},{\"@type\":\"ImageObject\",\"inLanguage\":\"es\",\"@id\":\"https:\/\/lateralfulfillment.com\/request-free-fulfillment-quote\/#primaryimage\",\"url\":\"https:\/\/lateralfulfillment.com\/wp-content\/uploads\/elementor\/thumbs\/lateral-fulfillment-our-pillar-integrated-rdw3e3k9rw6bpoywpme0cr6jzmk5kn8kd4vyrv9k3i.webp\",\"contentUrl\":\"https:\/\/lateralfulfillment.com\/wp-content\/uploads\/elementor\/thumbs\/lateral-fulfillment-our-pillar-integrated-rdw3e3k9rw6bpoywpme0cr6jzmk5kn8kd4vyrv9k3i.webp\"},{\"@type\":\"BreadcrumbList\",\"@id\":\"https:\/\/lateralfulfillment.com\/request-free-fulfillment-quote\/#breadcrumb\",\"itemListElement\":[{\"@type\":\"ListItem\",\"position\":1,\"name\":\"Home\",\"item\":\"https:\/\/lateralfulfillment.com\/\"},{\"@type\":\"ListItem\",\"position\":2,\"name\":\"Request Free Fulfillment Quote\"}]},{\"@type\":\"WebSite\",\"@id\":\"https:\/\/lateralfulfillment.com\/#website\",\"url\":\"https:\/\/lateralfulfillment.com\/\",\"name\":\"Lateral Fulfillment\",\"description\":\"Cross Border Complexity, Simplified\",\"publisher\":{\"@id\":\"https:\/\/lateralfulfillment.com\/#organization\"},\"potentialAction\":[{\"@type\":\"SearchAction\",\"target\":{\"@type\":\"EntryPoint\",\"urlTemplate\":\"https:\/\/lateralfulfillment.com\/?s={search_term_string}\"},\"query-input\":{\"@type\":\"PropertyValueSpecification\",\"valueRequired\":true,\"valueName\":\"search_term_string\"}}],\"inLanguage\":\"es\"},{\"@type\":\"Organization\",\"@id\":\"https:\/\/lateralfulfillment.com\/#organization\",\"name\":\"Lateral Fulfillment\",\"url\":\"https:\/\/lateralfulfillment.com\/\",\"logo\":{\"@type\":\"ImageObject\",\"inLanguage\":\"es\",\"@id\":\"https:\/\/lateralfulfillment.com\/#\/schema\/logo\/image\/\",\"url\":\"https:\/\/lateralfulfillment.com\/wp-content\/uploads\/2025\/10\/lateral-fulfillment-logo.webp\",\"contentUrl\":\"https:\/\/lateralfulfillment.com\/wp-content\/uploads\/2025\/10\/lateral-fulfillment-logo.webp\",\"width\":1872,\"height\":496,\"caption\":\"Lateral Fulfillment\"},\"image\":{\"@id\":\"https:\/\/lateralfulfillment.com\/#\/schema\/logo\/image\/\"},\"sameAs\":[\"https:\/\/www.linkedin.com\/company\/lateral-fulfillment\/?viewAsMember=true\"]}]}<\/script>\n<!-- \/ Yoast SEO plugin. -->","yoast_head_json":{"title":"Request Free Fulfillment Quote - Lateral Fulfillment","robots":{"index":"index","follow":"follow","max-snippet":"max-snippet:-1","max-image-preview":"max-image-preview:large","max-video-preview":"max-video-preview:-1"},"canonical":"https:\/\/lateralfulfillment.com\/es\/request-free-fulfillment-quote\/","og_locale":"es_MX","og_type":"article","og_title":"Request Free Fulfillment Quote - Lateral Fulfillment","og_description":"The next generation in cross&#8209;border fulfillment &amp; 3pl From day one, you access integrated technology, tax&#8209;optimized logistics, cost&#8209;efficient labor, and reduced warehousing costs &mdash; so you can move faster, operate leaner, and scale with confidence. Our Pillars 1-3 days U.S. Delivery 0 % Cost Savings 0 % Order Accuracy","og_url":"https:\/\/lateralfulfillment.com\/es\/request-free-fulfillment-quote\/","og_site_name":"Lateral Fulfillment","article_modified_time":"2025-11-13T14:53:36+00:00","og_image":[{"url":"https:\/\/lateralfulfillment.com\/wp-content\/uploads\/elementor\/thumbs\/lateral-fulfillment-our-pillar-integrated-rdw3e3k9rw6bpoywpme0cr6jzmk5kn8kd4vyrv9k3i.webp","type":"","width":"","height":""}],"twitter_card":"summary_large_image","schema":{"@context":"https:\/\/schema.org","@graph":[{"@type":"WebPage","@id":"https:\/\/lateralfulfillment.com\/request-free-fulfillment-quote\/","url":"https:\/\/lateralfulfillment.com\/request-free-fulfillment-quote\/","name":"Request Free Fulfillment Quote - Lateral Fulfillment","isPartOf":{"@id":"https:\/\/lateralfulfillment.com\/#website"},"primaryImageOfPage":{"@id":"https:\/\/lateralfulfillment.com\/request-free-fulfillment-quote\/#primaryimage"},"image":{"@id":"https:\/\/lateralfulfillment.com\/request-free-fulfillment-quote\/#primaryimage"},"thumbnailUrl":"https:\/\/lateralfulfillment.com\/wp-content\/uploads\/elementor\/thumbs\/lateral-fulfillment-our-pillar-integrated-rdw3e3k9rw6bpoywpme0cr6jzmk5kn8kd4vyrv9k3i.webp","datePublished":"2025-11-13T00:29:04+00:00","dateModified":"2025-11-13T14:53:36+00:00","breadcrumb":{"@id":"https:\/\/lateralfulfillment.com\/request-free-fulfillment-quote\/#breadcrumb"},"inLanguage":"es","potentialAction":[{"@type":"ReadAction","target":["https:\/\/lateralfulfillment.com\/request-free-fulfillment-quote\/"]}]},{"@type":"ImageObject","inLanguage":"es","@id":"https:\/\/lateralfulfillment.com\/request-free-fulfillment-quote\/#primaryimage","url":"https:\/\/lateralfulfillment.com\/wp-content\/uploads\/elementor\/thumbs\/lateral-fulfillment-our-pillar-integrated-rdw3e3k9rw6bpoywpme0cr6jzmk5kn8kd4vyrv9k3i.webp","contentUrl":"https:\/\/lateralfulfillment.com\/wp-content\/uploads\/elementor\/thumbs\/lateral-fulfillment-our-pillar-integrated-rdw3e3k9rw6bpoywpme0cr6jzmk5kn8kd4vyrv9k3i.webp"},{"@type":"BreadcrumbList","@id":"https:\/\/lateralfulfillment.com\/request-free-fulfillment-quote\/#breadcrumb","itemListElement":[{"@type":"ListItem","position":1,"name":"Home","item":"https:\/\/lateralfulfillment.com\/"},{"@type":"ListItem","position":2,"name":"Request Free Fulfillment Quote"}]},{"@type":"WebSite","@id":"https:\/\/lateralfulfillment.com\/#website","url":"https:\/\/lateralfulfillment.com\/","name":"Lateral Fulfillment","description":"Cross Border Complexity, Simplified","publisher":{"@id":"https:\/\/lateralfulfillment.com\/#organization"},"potentialAction":[{"@type":"SearchAction","target":{"@type":"EntryPoint","urlTemplate":"https:\/\/lateralfulfillment.com\/?s={search_term_string}"},"query-input":{"@type":"PropertyValueSpecification","valueRequired":true,"valueName":"search_term_string"}}],"inLanguage":"es"},{"@type":"Organization","@id":"https:\/\/lateralfulfillment.com\/#organization","name":"Lateral Fulfillment","url":"https:\/\/lateralfulfillment.com\/","logo":{"@type":"ImageObject","inLanguage":"es","@id":"https:\/\/lateralfulfillment.com\/#\/schema\/logo\/image\/","url":"https:\/\/lateralfulfillment.com\/wp-content\/uploads\/2025\/10\/lateral-fulfillment-logo.webp","contentUrl":"https:\/\/lateralfulfillment.com\/wp-content\/uploads\/2025\/10\/lateral-fulfillment-logo.webp","width":1872,"height":496,"caption":"Lateral Fulfillment"},"image":{"@id":"https:\/\/lateralfulfillment.com\/#\/schema\/logo\/image\/"},"sameAs":["https:\/\/www.linkedin.com\/company\/lateral-fulfillment\/?viewAsMember=true"]}]}},"_links":{"self":[{"href":"https:\/\/lateralfulfillment.com\/es\/wp-json\/wp\/v2\/pages\/1583","targetHints":{"allow":["GET"]}}],"collection":[{"href":"https:\/\/lateralfulfillment.com\/es\/wp-json\/wp\/v2\/pages"}],"about":[{"href":"https:\/\/lateralfulfillment.com\/es\/wp-json\/wp\/v2\/types\/page"}],"author":[{"embeddable":true,"href":"https:\/\/lateralfulfillment.com\/es\/wp-json\/wp\/v2\/users\/3"}],"replies":[{"embeddable":true,"href":"https:\/\/lateralfulfillment.com\/es\/wp-json\/wp\/v2\/comments?post=1583"}],"version-history":[{"count":7,"href":"https:\/\/lateralfulfillment.com\/es\/wp-json\/wp\/v2\/pages\/1583\/revisions"}],"predecessor-version":[{"id":1610,"href":"https:\/\/lateralfulfillment.com\/es\/wp-json\/wp\/v2\/pages\/1583\/revisions\/1610"}],"wp:attachment":[{"href":"https:\/\/lateralfulfillment.com\/es\/wp-json\/wp\/v2\/media?parent=1583"}],"curies":[{"name":"wp","href":"https:\/\/api.w.org\/{rel}","templated":true}]}}